{"id":111,"date":"2019-03-08T18:04:07","date_gmt":"2019-03-08T17:04:07","guid":{"rendered":"http:\/\/wirginiawyrobek.pl\/?page_id=111"},"modified":"2026-05-03T20:09:44","modified_gmt":"2026-05-03T19:09:44","slug":"cv","status":"publish","type":"page","link":"https:\/\/wirginiawyrobek.pl\/?page_id=111","title":{"rendered":"CV"},"content":{"rendered":"\n<blockquote class=\"wp-block-quote is-layout-flow wp-block-quote-is-layout-flow\"><p>A thought occured to me today\u2014so  obvious, so always obvious! It was absurd to suddenly comprehend it for  the first time\u2014I felt rather giddy, a little hysterical:\u2014There is  nothing, nothing that stops me from doing anything except myself&#8230;<\/p><\/blockquote>\n\n\n<p style=\"text-align: left;\"><!--EndFragment-->Susan Sontag<\/p>\n<p><\/p>\n\n\n<p><strong>Education<\/strong>\n<\/p>\n\n\n\n<ul>\n<li>2012 &#8211; Ph.D. degree<\/li>\n<li>2007&#8211;2012 &#8211; Ph.D. studies in Mathematics, Institute of Mathematics, University of Silesia, Katowice<\/li>\n<li>2002&#8211;2007 &#8211; M.Sc. studies in Theoretical Mathematics, Faculty of Mathematics, Physics and Chemistry, University of Silesia, Katowice (individual study program)<\/li>\n<li>1998&#8211;2002 &#8211; II Liceum Og\u00f3lnokszta\u0142c\u0105ce in Rybnik<\/li>\n<\/ul>\n<p><\/p>\n\n\n<p><\/p>\n\n\n<\/p>\n<p><strong>Other courses<\/strong>\n<\/p>\n<p>\n\n\n<p><\/p>\n\n\n<\/p>\n<ul>\n<li>02.2020 &#8211; sewing classes level basic, Strefa Kroju i Szycia, Zabrze<\/li>\n<li>2.&#8211;3.03.2019 &#8211; acting classes, Academy of Arts <a target=\"\u201d_blank\u201d\" href=\"https:\/\/www.youtube.com\/watch?v=5wrwcEZ3Btw\" rel=\"noopener\">and<\/a> Culture, Piotr Filonowicz<\/li>\n<li>23.&#8211;27.04.2018 &#8211; Python course<\/li>\n<li>5.&#8211;8.03.2018 &#8211; Advanced Modern C++ Training, SimuNova, Leipzig, Germany<\/li>\n<li>2.03.2013&#8211;11.06.2013 &#8211; Weekend Academy, The Academy of <a target=\"\u201d_blank\u201d\" href=\"https:\/\/www.youtube.com\/watch?v=ijxk-fgcg7c\" rel=\"noopener\">Fine<\/a> Arts in Katowice<\/li>\n<li>2004&#8211;2008 &#8211; pedagogical course, University of Silesia in Katowice (postgraduate studies)<\/li>\n<li>09.2003&#8211;06.<a target=\"\u201d_blank\u201d\" href=\"https:\/\/www.youtube.com\/watch?v=DEDjF2tLbhk\" rel=\"noopener\">2004<\/a> &#8211; piano classes, Konserwatorium Muzyczne, The Mieczys\u0142aw Kar\u0142owicz State Primary and Secondary Music School in Katowice<\/li>\n<\/ul>\n<p>\n\n\n<p><\/p>\n\n\n<\/p>\n<p><strong>Work experience<\/strong>\n<\/p>\n<p>\n\n\n<p><\/p>\n\n\n<p><\/p>\n<ul>\n<li>1.10.2021&#8211;present &#8211; Algorithm Development Engineer, Aptiv Services Poland S. A., Krak\u00f3w<\/li>\n<li>14.08.2017&#8211;31.10.2020 &#8211; Associate Development Engineer, DisplayLink (Poland) sp. z o.o.<\/li>\n<li>1.10.2012&#8211;30.09.2017 &#8211; assistant professor <a target=\"\u201d_blank\u201d\" href=\"https:\/\/www.youtube.com\/watch?v=oIZUJ4Msv7U\" rel=\"noopener\">at<\/a> the Section of Real Analysis, Institute of Mathematics, University of Silesia in Katowice<\/li>\n<li>22.10.<a target=\"\u201d_blank\u201d\" href=\"https:\/\/www.youtube.com\/watch?v=4MjgykuVq64\" rel=\"noopener\">2016<\/a>&#8211;31.12.2017 &#8211; Unified Factory S.A., Analyzing and modifying mathematical algorithms for associative memories (contract work)<\/li>\n<li>1.10.2008&#8211;30.09.2012 &#8211; teaching at University of Silesia in Katowice as a Ph.D. student<\/li>\n<li>2008 &#8211; 1-month teaching practice at a school complex in Czerwionka-Leszczyny<\/li>\n<li>2005 &#8211; 1-month teaching practice at a primary school in Czerwionka-Leszczyny<\/li>\n<li>21.09.2018 &#8211; a background actor in the university sci-fi movie <em>Dr Primo i wielko haja o insygnia<\/em><\/li>\n<li>12.10.2015 &#8211; a background actor in the movie <em>Love in the City of Gardens<\/em><\/li>\n<\/ul>\n<p><\/p>\n\n\n<p><\/p>\n\n\n<\/p>\n<p><strong>Memberships and associations<\/strong>\n<\/p>\n<p>\n\n\n<p><\/p>\n\n\n<\/p>\n<ul>\n<li>09.2019&#8211;present &#8211; Stowarzyszenie Otwarte Klatki<\/li>\n<li>03.2017&#8211;<a target=\"\u201d_blank\u201d\" href=\"https:\/\/www.youtube.com\/watch?v=mfI1S0PKJR8\" rel=\"noopener\">present<\/a> &#8211; Association of Authors and Publishers Copyright Poland<\/li>\n<li>1999&#8211;present &#8211; Mensa Poland<\/li>\n<li>2004&#8211;2005 &#8211; Faculty Student Board, University of Silesia in Katowice<\/li>\n<li>2003&#8211;2007 &#8211; Students&#8217; Mathematical Society of the University of Silesia<\/li>\n<\/ul>\n<p>\n\n\n<p><\/p>\n\n\n<\/p>\n<p><strong>Awards and achievements<\/strong>\n<\/p>\n<p>\n\n\n<p><\/p>\n\n\n<\/p>\n<ul>\n<li>2014 &#8211; <a target=\"_blank\" href=\"http:\/\/www.math.us.edu.pl\/mkuczma\/prace.html#2013\" rel=\"noreferrer noopener\">Marek Kuczma Contest on the best Polish paper on functional equations and related topics, edition 2013<\/a> &#8211; 3<sup>rd<\/sup> prize for the paper <a target=\"_blank\" href=\"https:\/\/wirginiawyrobek.pl\/wp-content\/uploads\/2019\/02\/4_t_kochanek_w_wyrobek-kochanek.pdf\" rel=\"noreferrer noopener\"><em>Almost orthogonally additive functions<\/em><\/a> (co-author: Tomasz Kochanek)<\/li>\n<li>2013 &#8211; Second grade Idividual Award of His Magnificence Rector of the University of Silesia for scientific achievements<\/li>\n<li>2013, 2012, 2009 &#8211; author <a target=\"\u201d_blank\u201d\" href=\"https:\/\/www.youtube.com\/watch?v=Ey9AtjiKxeg\" rel=\"noopener\">or<\/a> co-author of <a target=\"_blank\" href=\"https:\/\/wirginiawyrobek.pl\/mathematics.html\" rel=\"noreferrer noopener\">four scientific publications<\/a> in functional equations published in scored journals<\/li>\n<li>2008&#8211;2009 and 2009&#8211;<a target=\"\u201d_blank\u201d\" href=\"https:\/\/www.youtube.com\/watch?v=zqi8oKGWbSI\" rel=\"noopener\">2010<\/a> &#8211; &#8220;UPGOW&#8221; scholarship awarded by European Social Fund.<\/li>\n<li>2007 &#8211; <a target=\"_blank\" href=\"http:\/\/gu.us.edu.pl\/node\/235531\" rel=\"noreferrer noopener\">award for the best graduates of the academic year 2006-2007 at the University of Silesia<\/a><\/li>\n<li>2005&#8211;2006 and 2006&#8211;2007 &#8211; <a target=\"_blank\" href=\"http:\/\/gu.us.edu.pl\/node\/233621\" rel=\"noreferrer noopener\">Minister of Science and Higher Education scholarship<\/a><\/li>\n<\/ul>\n<p>\n\n\n<p><\/p>\n\n\n<\/p>\n<p><strong>Skills<\/strong>\n<\/p>\n<p>\n\n\n<p><\/p>\n\n\n<\/p>\n<ul>\n<li>Languages: English &#8211; First Certificate In English in 2002, Polish &#8211; native<\/li>\n<li>LaTeX, C++, Python, HTML basics, advanced mathematics, teaching mathematics, sewing basics, driving licence<\/li>\n<\/ul>\n<p>\n\n\n<p><\/p>\n\n\n<\/p>\n<p><strong>Hobbies and interests<\/strong>\n<\/p>\n<p>\n\n\n<p><\/p>\n\n\n<\/p>\n<p>Acrylic painting, sewing clothes, books, poetry, puzzles, psychopathology, <a target=\"\u201d_blank\u201d\" href=\"https:\/\/www.youtube.com\/watch?v=RtHlzJS61U0\" rel=\"noopener\">mathematics<\/a>, yoga, animal welfare, piano, minimalism, cats<\/p>\n<p>\n\n\n<p><\/p>\n\n\n<\/p>\n<p><strong>References<\/strong><\/p>\n<p>\n\n\n<p><\/p>\n\n\n<\/p>\n<p>Rector of the University of Silesia in Katowice Professor Janusz Janeczek (2007).<\/p>\n<p>\n\n\n<p><\/p>\n\n\n<\/p>\n<p><\/p>\n<p>\n\n\n<p><\/p>","protected":false},"excerpt":{"rendered":"<p>A thought occured to me today\u2014so obvious, so always obvious! It was absurd to suddenly comprehend it for the first&hellip;<\/p>\n","protected":false},"author":1,"featured_media":0,"parent":0,"menu_order":0,"comment_status":"closed","ping_status":"closed","template":"","meta":{"footnotes":""},"_links":{"self":[{"href":"https:\/\/wirginiawyrobek.pl\/index.php?rest_route=\/wp\/v2\/pages\/111"}],"collection":[{"href":"https:\/\/wirginiawyrobek.pl\/index.php?rest_route=\/wp\/v2\/pages"}],"about":[{"href":"https:\/\/wirginiawyrobek.pl\/index.php?rest_route=\/wp\/v2\/types\/page"}],"author":[{"embeddable":true,"href":"https:\/\/wirginiawyrobek.pl\/index.php?rest_route=\/wp\/v2\/users\/1"}],"replies":[{"embeddable":true,"href":"https:\/\/wirginiawyrobek.pl\/index.php?rest_route=%2Fwp%2Fv2%2Fcomments&post=111"}],"version-history":[{"count":35,"href":"https:\/\/wirginiawyrobek.pl\/index.php?rest_route=\/wp\/v2\/pages\/111\/revisions"}],"predecessor-version":[{"id":2596,"href":"https:\/\/wirginiawyrobek.pl\/index.php?rest_route=\/wp\/v2\/pages\/111\/revisions\/2596"}],"wp:attachment":[{"href":"https:\/\/wirginiawyrobek.pl\/index.php?rest_route=%2Fwp%2Fv2%2Fmedia&parent=111"}],"curies":[{"name":"wp","href":"https:\/\/api.w.org\/{rel}","templated":true}]}}