{"id":131,"date":"2019-04-02T18:32:10","date_gmt":"2019-04-02T17:32:10","guid":{"rendered":"http:\/\/wirginiawyrobek.pl\/?page_id=131"},"modified":"2026-05-03T20:09:34","modified_gmt":"2026-05-03T19:09:34","slug":"cv-2","status":"publish","type":"page","link":"https:\/\/wirginiawyrobek.pl\/?page_id=131&lang=pl","title":{"rendered":"CV"},"content":{"rendered":"\n<blockquote class=\"wp-block-quote is-layout-flow wp-block-quote-is-layout-flow\"><p>Dzisiaj przysz\u0142a mi do g\u0142owy pewna my\u015bl  &#8211; tak jasna i oczywista! W pierwszej chwili wyda\u0142a mi si\u0119 wr\u0119cz  niedorzeczna &#8211; wprawi\u0142a mnie w oszo\u0142omienie i wr\u0119cz lekk\u0105 histeri\u0119: &#8211;  Mog\u0119 zrobi\u0107 absolutnie wszystko i poza mn\u0105 sam\u0105 nie istnieje nic, co by  mnie powstrzyma\u0142o&#8230;<\/p><\/blockquote>\n\n\n<p style=\"text-align: left;\"><!--EndFragment-->Susan Sontag<\/p>\n<p><\/p>\n\n\n<p><strong>Wykszta\u0142cenie<\/strong>\n<\/p>\n\n\n\n<ul><li>2012 &#8211; uzyskanie stopnia doktora nauk matematycznych<\/li><li>2007&#8211;2012 &#8211; stacjonarne, 4-letnie studia doktoranckie w zakresie matematyki prowadzone przez Instytut Matematyki Uniwersytetu \u015al\u0105skiego w  Katowicach (otwarcie przewodu doktorskiego: 11.05.2010, obrona:  11.09.2012, nadanie stopnia: 18.09.2012)<\/li><li>2002&#8211;2007 &#8211; dzienne, 5-letnie studia magisterskie na kierunku  Matematyka Wydzia\u0142u Matematyki, Fizyki i Chemii Uniwersytetu \u015al\u0105skiego w  Katowicach (studia na specjalno\u015bci teoretycznej wed\u0142ug indywidualnego  programu)<\/li><li>1998&#8211;2002 &#8211; II Liceum Og\u00f3lnokszta\u0142c\u0105ce im. A. F. Modrzewskiego w Rybniku<\/li><\/ul>\n\n\n\n<p><strong>Inne kursy\/szkolenia<\/strong>\n<\/p>\n\n\n\n<ul><li>02.2020 &#8211; kurs kroju i szycia poziom podstawowy, Strefa Kroju i Szycia, Zabrze<\/li><li>2.&#8211;3.03.2019 &#8211; Weekendowe Warsztaty Teatralne,  Akademia Sztuki <a target=\"\u201d_blank\u201d\" href=\"https:\/\/www.youtube.com\/watch?v=5wrwcEZ3Btw\" rel=\"noopener\">i<\/a> Kultury, prowadz\u0105cy Piotr Filonowicz<\/li><li>23.&#8211;27.04.2018 &#8211; szkolenie z programowania w j\u0119zyku Python<\/li><li>5.&#8211;8.03.2018 &#8211; Advanced Modern C++ Training, SimuNova, Lipsk, Niemcy<\/li><li>2.03.2013&#8211;11.06.2013 &#8211; Akademia Weekendowa przy Akademii Sztuk <a target=\"\u201d_blank\u201d\" href=\"https:\/\/www.youtube.com\/watch?v=ijxk-fgcg7c\" rel=\"noopener\">Pi\u0119knych<\/a> w Katowicach<\/li><li>2004&#8211;2008 &#8211; kurs pedagogiczny na Uniwersytecie \u015al\u0105skim w Katowicach (studia podyplomowe)<\/li><li>09.2003&#8211;06.<a target=\"\u201d_blank\u201d\" href=\"https:\/\/www.youtube.com\/watch?v=DEDjF2tLbhk\" rel=\"noopener\">2004<\/a> &#8211; nauka gry na fortepianie w Konserwatorium  Muzycznym przy Stowarzyszeniu Muzycznym im. S. M. Stoi\u0144skiego w  Katowicach wsp\u00f3\u0142pracuj\u0105cym z Pa\u0144stwow\u0105 Szko\u0142\u0105 Muzyczn\u0105 I i II stopnia  im. M. Kar\u0142owicza w Katowicach<\/li><\/ul>\n\n\n\n<p><strong>Do\u015bwiadczenie<\/strong>\n<\/p>\n\n\n\n<ul><li>1.10.2021&#8211;obecnie &#8211; Algorithm Development Engineer (In\u017cynier ds. algorytm\u00f3w), Aptiv Services Poland S. A., Krak\u00f3w<\/li><li>14.08.2017&#8211;31.10.2020 &#8211; Associate Development Engineer, DisplayLink (Poland) sp. z o.o.<\/li><li>1.10.2012&#8211;30.09.2017 &#8211; adiunkt <a target=\"\u201d_blank\u201d\" href=\"https:\/\/www.youtube.com\/watch?v=oIZUJ4Msv7U\" rel=\"noopener\">w<\/a> Zak\u0142adzie Analizy Rzeczywistej Instytutu Matematyki Uniwersytetu \u015al\u0105skiego w Katowicach<\/li><li>22.10.<a target=\"\u201d_blank\u201d\" href=\"https:\/\/www.youtube.com\/watch?v=4MjgykuVq64\" rel=\"noopener\">2016<\/a>&#8211;31.12.2017 &#8211; Unified Factory S.A., Analiza i modyfikacja  algorytm\u00f3w matematycznych na potrzeby pami\u0119ci asocjacyjnych (umowa o  dzie\u0142o)<\/li><li>1.10.2008&#8211;30.09.2012 &#8211; prowadzenie zaj\u0119\u0107 dydaktycznych na  Uniwersytecie \u015al\u0105skim w Katowicach w ramach pensum dydaktycznego  doktorant\u00f3w<\/li><li>2008 &#8211; miesi\u0119czna praktyka pedagogiczna w Zespole Szk\u00f3\u0142 w Czerwionce-Leszczynach w ramach kursu pedagogicznego<\/li><li>2005 &#8211; miesi\u0119czna praktyka pedagogiczna w Szkole Podstawowej nr 6 w Czerwionce-Leszczynach w ramach kursu pedagogicznego<\/li><li>21.09.2018 &#8211; statysta w uniwersyteckim filmie sci-fi  <em>Dr Primo i wielko haja o insygnia<\/em><\/li><li>12.10.2015 &#8211; statysta w filmie fabularnym <em>Mi\u0142o\u015b\u0107 w Mie\u015bcie Ogrod\u00f3w<\/em><\/li><\/ul>\n\n\n\n<p><strong>Cz\u0142onkostwo w organizacjach i stowarzyszeniach<\/strong>\n<\/p>\n\n\n\n<ul><li>09.2019&#8211;obecnie &#8211; Stowarzyszenie Otwarte Klatki<\/li><li>03.2017&#8211;<a target=\"\u201d_blank\u201d\" href=\"https:\/\/www.youtube.com\/watch?v=mfI1S0PKJR8\" rel=\"noopener\">obecnie<\/a> &#8211;  Stowarzyszenie Autor\u00f3w i Wydawc\u00f3w Copyright Polska<\/li><li>1999&#8211;obecnie &#8211; Stowarzyszenie Mensa Polska<\/li><li>2004&#8211;2005 &#8211; Wydzia\u0142owa Rada Samorz\u0105du Studenckiego Uniwersytetu \u015al\u0105skiego<\/li><li>2003&#8211;2007 &#8211; Ko\u0142o Naukowe Matematyk\u00f3w Uniwersytetu \u015al\u0105skiego<\/li><\/ul>\n\n\n\n<p><strong>Szczeg\u00f3lne osi\u0105gni\u0119cia<\/strong>\n<\/p>\n\n\n\n<ul><li>2014 &#8211; <a target=\"_blank\" href=\"http:\/\/www.math.us.edu.pl\/mkuczma\/prace.html#2013\" rel=\"noreferrer noopener\">Konkurs im. Marka Kuczmy na najlepsz\u0105 polsk\u0105 prac\u0119 z r\u00f3wna\u0144 funkcyjnych i zagadnie\u0144 pokrewnych, edycja za rok 2013<\/a> &#8211; III nagroda za artyku\u0142 <a target=\"_blank\" href=\"https:\/\/wirginiawyrobek.pl\/wp-content\/uploads\/2019\/02\/4_t_kochanek_w_wyrobek-kochanek.pdf\" rel=\"noreferrer noopener\"><em>Almost orthogonally additive functions<\/em><\/a> (wsp\u00f3\u0142autor: Tomasz Kochanek)<\/li><li>2013 &#8211; Nagroda Indywidualna II Stopnia JM Rektora za dzia\u0142alno\u015b\u0107 naukowo-badawcz\u0105<\/li><li>2013, 2012, 2009 &#8211; autorstwo <a target=\"\u201d_blank\u201d\" href=\"https:\/\/www.youtube.com\/watch?v=Ey9AtjiKxeg\" rel=\"noopener\">lub<\/a> wsp\u00f3\u0142autorstwo <a target=\"_blank\" href=\"https:\/\/wirginiawyrobek.pl\/mathematics_pl.html\" rel=\"noreferrer noopener\">czterech artyku\u0142\u00f3w naukowych<\/a> z zakresu r\u00f3wna\u0144 funkcyjnych, opublikowanych w czasopismach punktowanych<\/li><li>2008&#8211;2009 oraz 2009&#8211;<a target=\"\u201d_blank\u201d\" href=\"https:\/\/www.youtube.com\/watch?v=zqi8oKGWbSI\" rel=\"noopener\">2010<\/a> &#8211; stypendium w ramach projektu \nUniwersytet Partnerem Gospodarki Opartej na Wiedzy wsp\u00f3\u0142finansowanego \nprzez Uni\u0119 Europejsk\u0105<\/li><li>2007 &#8211; wyr\u00f3\u017cnienie dla <a target=\"_blank\" href=\"http:\/\/gu.us.edu.pl\/node\/235531\" rel=\"noreferrer noopener\">najlepszych absolwent\u00f3w Uniwersytetu \u015al\u0105skiego w Katowicach ko\u0144cz\u0105cych studia w roku akademickim 2006\/2007<\/a><\/li><li>2005&#8211;2006 oraz 2006&#8211;2007 &#8211; <a target=\"_blank\" href=\"http:\/\/gu.us.edu.pl\/node\/233621\" rel=\"noreferrer noopener\">stypendium Ministra Edukacji Narodowej i Sportu<\/a><\/li><\/ul>\n\n\n\n<p><strong>Umiej\u0119tno\u015bci<\/strong>\n<\/p>\n\n\n\n<ul><li>J\u0119zyki obce: j\u0119zyk angielski &#8211; poziom bardzo dobry (First Certificate In English (FCE) w 2002 roku)<\/li><li>LaTeX, C++, Python, podstawy HTML, matematyka wy\u017csza, edukacja matematyczna, podstawy szycia na maszynie, prawo jazdy<\/li><\/ul>\n\n\n\n<p><strong>Hobby i zainteresowania<\/strong><\/p>\n\n\n\n<p>Amatorsko malarstwo, szycie ubra\u0144, ksi\u0105\u017cki, poezja, \u0142amig\u0142\u00f3wki, psychopatologia, <a target=\"\u201d_blank\u201d\" href=\"https:\/\/www.youtube.com\/watch?v=RtHlzJS61U0\" rel=\"noopener\">matematyka<\/a>, joga, dobro zwierz\u0105t, gra na fortepianie, minimalizm, koty<\/p>\n\n\n\n<p><strong>Referencje<\/strong><\/p>\n\n\n\n<p>Rektorski List Rekomendacyjny &#8211; JM Rektor Uniwersytetu \u015al\u0105skiego w Katowicach prof. zw.  dr hab. Janusz Janeczek (2007).<\/p>\n","protected":false},"excerpt":{"rendered":"<p>Dzisiaj przysz\u0142a mi do g\u0142owy pewna my\u015bl &#8211; tak jasna i oczywista! W pierwszej chwili wyda\u0142a mi si\u0119 wr\u0119cz niedorzeczna&hellip;<\/p>\n","protected":false},"author":1,"featured_media":0,"parent":0,"menu_order":0,"comment_status":"closed","ping_status":"closed","template":"","meta":{"footnotes":""},"_links":{"self":[{"href":"https:\/\/wirginiawyrobek.pl\/index.php?rest_route=\/wp\/v2\/pages\/131"}],"collection":[{"href":"https:\/\/wirginiawyrobek.pl\/index.php?rest_route=\/wp\/v2\/pages"}],"about":[{"href":"https:\/\/wirginiawyrobek.pl\/index.php?rest_route=\/wp\/v2\/types\/page"}],"author":[{"embeddable":true,"href":"https:\/\/wirginiawyrobek.pl\/index.php?rest_route=\/wp\/v2\/users\/1"}],"replies":[{"embeddable":true,"href":"https:\/\/wirginiawyrobek.pl\/index.php?rest_route=%2Fwp%2Fv2%2Fcomments&post=131"}],"version-history":[{"count":28,"href":"https:\/\/wirginiawyrobek.pl\/index.php?rest_route=\/wp\/v2\/pages\/131\/revisions"}],"predecessor-version":[{"id":2595,"href":"https:\/\/wirginiawyrobek.pl\/index.php?rest_route=\/wp\/v2\/pages\/131\/revisions\/2595"}],"wp:attachment":[{"href":"https:\/\/wirginiawyrobek.pl\/index.php?rest_route=%2Fwp%2Fv2%2Fmedia&parent=131"}],"curies":[{"name":"wp","href":"https:\/\/api.w.org\/{rel}","templated":true}]}}