{"id":145,"date":"2019-04-02T18:56:59","date_gmt":"2019-04-02T17:56:59","guid":{"rendered":"http:\/\/wirginiawyrobek.pl\/?page_id=145"},"modified":"2026-05-03T20:12:04","modified_gmt":"2026-05-03T19:12:04","slug":"chce-ci-powiedziec","status":"publish","type":"page","link":"https:\/\/wirginiawyrobek.pl\/?page_id=145&lang=pl","title":{"rendered":"Po\u015bwiatowska"},"content":{"rendered":"\n<p class=\"has-text-align-left\">tutaj s\u0105 g\u0142osy ptasie<br> i zapach p\u0119kaj\u0105cego drzewa<br> \u015bwity kt\u00f3rymi si\u0119 z\u0142oci<br> w leniwym obrocie ziemia<\/p>\n\n\n\n<p>tutaj s\u0105 moje r\u0119ce<br>\ni twoje r\u0119ce<br>\ni ostrokrzew pragnienia<br>\nrozrastaj\u0105cy si\u0119 we mnie<\/p>\n\n\n\n<p><font size=\"+2\"><a target=\"\u201d_blank\u201d\" href=\"https:\/\/www.youtube.com\/watch?v=ks_qOI0lzho\" rel=\"noopener\">codziennie<\/a><br>\nczerni przeciwstawiam ziele\u0144<\/font><br>\ns\u0142o\u0144ce bior\u0119 do r\u0105k<br>\nogl\u0105dam z bliska<\/p>\n\n\n\n<p>nie rozstaj\u0119 si\u0119 z nim<br>\nnawet w nocy<br>\nnawet we \u015bnie<\/p>\n\n\n\n<p>ciemna jest druga strona \u017cycia<\/p>\n\n\n\n<p>\/<strong>Halina Po\u015bwiatowska<\/strong>, polska poetka, 9.05.1935-11.10.1967\/<\/p>\n","protected":false},"excerpt":{"rendered":"<p>tutaj s\u0105 g\u0142osy ptasie i zapach p\u0119kaj\u0105cego drzewa \u015bwity kt\u00f3rymi si\u0119 z\u0142oci w leniwym obrocie ziemia tutaj s\u0105 moje r\u0119ce&hellip;<\/p>\n","protected":false},"author":1,"featured_media":0,"parent":0,"menu_order":0,"comment_status":"closed","ping_status":"closed","template":"","meta":{"footnotes":""},"_links":{"self":[{"href":"https:\/\/wirginiawyrobek.pl\/index.php?rest_route=\/wp\/v2\/pages\/145"}],"collection":[{"href":"https:\/\/wirginiawyrobek.pl\/index.php?rest_route=\/wp\/v2\/pages"}],"about":[{"href":"https:\/\/wirginiawyrobek.pl\/index.php?rest_route=\/wp\/v2\/types\/page"}],"author":[{"embeddable":true,"href":"https:\/\/wirginiawyrobek.pl\/index.php?rest_route=\/wp\/v2\/users\/1"}],"replies":[{"embeddable":true,"href":"https:\/\/wirginiawyrobek.pl\/index.php?rest_route=%2Fwp%2Fv2%2Fcomments&post=145"}],"version-history":[{"count":22,"href":"https:\/\/wirginiawyrobek.pl\/index.php?rest_route=\/wp\/v2\/pages\/145\/revisions"}],"predecessor-version":[{"id":2598,"href":"https:\/\/wirginiawyrobek.pl\/index.php?rest_route=\/wp\/v2\/pages\/145\/revisions\/2598"}],"wp:attachment":[{"href":"https:\/\/wirginiawyrobek.pl\/index.php?rest_route=%2Fwp%2Fv2%2Fmedia&parent=145"}],"curies":[{"name":"wp","href":"https:\/\/api.w.org\/{rel}","templated":true}]}}