{"id":147,"date":"2019-04-02T18:59:47","date_gmt":"2019-04-02T17:59:47","guid":{"rendered":"http:\/\/wirginiawyrobek.pl\/?page_id=147"},"modified":"2026-05-03T20:15:00","modified_gmt":"2026-05-03T19:15:00","slug":"wirginia-wyrobek","status":"publish","type":"page","link":"https:\/\/wirginiawyrobek.pl\/?page_id=147&lang=pl","title":{"rendered":"&nbsp;"},"content":{"rendered":"\n<p><strong>09.01.<a target=\"\u201d_blank\u201d\" href=\"https:\/\/www.youtube.com\/watch?v=LEebBabnayw\" rel=\"noopener\">2026<\/a><\/strong>&nbsp;&nbsp;&nbsp;3 nowe zdj\u0119cia w zak\u0142adce <b>Fotografia<\/b>. 29 nowych zdj\u0119\u0107 moich kot\u00f3w (no bo czemu nie) w albumie <em>Pola i Pati=&#8221;Kr\u00f3liczek&#8221;<\/em>. 3 nowe albumy ze zdj\u0119ciami: <em>2026; 2025, wygenerowane przez AI; 2024&#8211;2025<\/em>.<\/p>\n\n\n\n<p><strong>01.01.2026<\/strong>&nbsp;&nbsp;&nbsp;Pierwsza z dw\u00f3ch cz\u0119\u015bci aktualizacji po ponad czterech latach przerwy. Nowe zdj\u0119cia w albumach: <em>2021<\/em>, <em>Pola i Pati=\u201dKr\u00f3liczek\u201d<\/em>. Nowe albumy ze zdj\u0119ciami: <em>2022&#8211;2024<\/em>, <em>2022<\/em>.<\/p>\n\n\n\n<p><strong>09.07.2021<\/strong>&nbsp;&nbsp;&nbsp;Nowe zdj\u0119cia (<em>2021<\/em>, <em>2020<\/em>, <em><s>Pola i Pati<\/s> Pola i Pati=\u201dKr\u00f3liczek\u201d<\/em>).<\/p>\n\n\n\n<p><strong>02.06.2021<\/strong>&nbsp;&nbsp;&nbsp;Nowa zak\u0142adka w menu (<i>Zwierz\u0119ta<\/i>).<\/p>\n","protected":false},"excerpt":{"rendered":"<p>09.01.2026&nbsp;&nbsp;&nbsp;3 nowe zdj\u0119cia w zak\u0142adce Fotografia. 29 nowych zdj\u0119\u0107 moich kot\u00f3w (no bo czemu nie) w albumie Pola i Pati=&#8221;Kr\u00f3liczek&#8221;.&hellip;<\/p>\n","protected":false},"author":1,"featured_media":0,"parent":0,"menu_order":0,"comment_status":"closed","ping_status":"open","template":"","meta":{"footnotes":""},"_links":{"self":[{"href":"https:\/\/wirginiawyrobek.pl\/index.php?rest_route=\/wp\/v2\/pages\/147"}],"collection":[{"href":"https:\/\/wirginiawyrobek.pl\/index.php?rest_route=\/wp\/v2\/pages"}],"about":[{"href":"https:\/\/wirginiawyrobek.pl\/index.php?rest_route=\/wp\/v2\/types\/page"}],"author":[{"embeddable":true,"href":"https:\/\/wirginiawyrobek.pl\/index.php?rest_route=\/wp\/v2\/users\/1"}],"replies":[{"embeddable":true,"href":"https:\/\/wirginiawyrobek.pl\/index.php?rest_route=%2Fwp%2Fv2%2Fcomments&post=147"}],"version-history":[{"count":50,"href":"https:\/\/wirginiawyrobek.pl\/index.php?rest_route=\/wp\/v2\/pages\/147\/revisions"}],"predecessor-version":[{"id":2599,"href":"https:\/\/wirginiawyrobek.pl\/index.php?rest_route=\/wp\/v2\/pages\/147\/revisions\/2599"}],"wp:attachment":[{"href":"https:\/\/wirginiawyrobek.pl\/index.php?rest_route=%2Fwp%2Fv2%2Fmedia&parent=147"}],"curies":[{"name":"wp","href":"https:\/\/api.w.org\/{rel}","templated":true}]}}