{"id":1925,"date":"2020-12-13T03:26:51","date_gmt":"2020-12-13T02:26:51","guid":{"rendered":"http:\/\/wirginiawyrobek.pl\/?page_id=1925"},"modified":"2020-12-13T13:18:39","modified_gmt":"2020-12-13T12:18:39","slug":"galeria","status":"publish","type":"page","link":"https:\/\/wirginiawyrobek.pl\/?page_id=1925&lang=pl","title":{"rendered":"Galeria"},"content":{"rendered":"\n<div class=\"wp-block-envira-envira-gallery\"><div id=\"envira-gallery-wrap-1920\" class=\"envira-gallery-wrap envira-gallery-theme-base envira-lightbox-theme-base\" itemscope itemtype=\"https:\/\/schema.org\/ImageGallery\"><div style=\"opacity: 0.0\"  data-row-height=\"500\" data-gallery-theme=\"normal\" id=\"envira-gallery-1920\" class=\"envira-gallery-public envira-gallery-justified-public envira-gallery-0-columns envira-clear enviratope envira-gallery-css-animations\" data-envira-columns=\"0\"><div id=\"envira-gallery-item-1924\" class=\"envira-gallery-item enviratope-item envira-gallery-item-1 envira-lazy-load\" style=\"padding-left: 1px; padding-bottom: 1px; padding-right: 1px;\"  itemscope itemtype=\"https:\/\/schema.org\/ImageObject\"><div class=\"envira-gallery-item-inner\"><div class=\"envira-gallery-position-overlay  envira-gallery-top-left\"><\/div><div class=\"envira-gallery-position-overlay  envira-gallery-top-right\"><\/div><div class=\"envira-gallery-position-overlay  envira-gallery-bottom-left\"><\/div><div class=\"envira-gallery-position-overlay  envira-gallery-bottom-right\"><\/div><a href=\"https:\/\/wirginiawyrobek.pl\/wp-content\/uploads\/2020\/12\/2014.05.10-Samotno\u015b\u0107-w-t\u0142umie-70x50.jpg\" class=\"envira-gallery-1920 envira-gallery-link\" rel=\"enviragallery1920\" title=\"Samotno\u015b\u0107 w t\u0142umie (2014) 70 cm x 50 cm\" data-envira-caption=\"Samotno\u015b\u0107 w t\u0142umie (2014) 70 cm x 50 cm\" data-envira-retina=\"\" data-thumbnail=\"\"  itemprop=\"contentUrl\"><img decoding=\"async\" id=\"envira-gallery-image-1924\" class=\"envira-gallery-image envira-gallery-image-1 envira-normal envira-lazy\" data-envira-index=\"1\" src=\"https:\/\/wirginiawyrobek.pl\/wp-content\/uploads\/2020\/12\/2014.05.10-Samotno\u015b\u0107-w-t\u0142umie-70x50-1024x730-640x480.jpg\" data-envira-src=\"https:\/\/wirginiawyrobek.pl\/wp-content\/uploads\/2020\/12\/2014.05.10-Samotno\u015b\u0107-w-t\u0142umie-70x50-1024x730-640x480.jpg\" data-envira-gallery-id=\"1920\" data-envira-item-id=\"1924\" data-envira-caption=\"Samotno\u015b\u0107 w t\u0142umie (2014) 70 cm x 50 cm\" alt=\"\" title=\"Samotno\u015b\u0107 w t\u0142umie (2014) 70 cm x 50 cm\"  itemprop=\"thumbnailUrl\" data-envira-srcset=\"https:\/\/wirginiawyrobek.pl\/wp-content\/uploads\/2020\/12\/2014.05.10-Samotno\u015b\u0107-w-t\u0142umie-70x50-1024x730-640x480.jpg 400w,https:\/\/wirginiawyrobek.pl\/wp-content\/uploads\/2020\/12\/2014.05.10-Samotno\u015b\u0107-w-t\u0142umie-70x50-1024x730-640x480.jpg 2x\" data-envira-width=\"300\" data-envira-height=\"214\" srcset=\"data:image\/gif;base64,R0lGODlhAQABAIAAAP\/\/\/\/\/\/\/yH5BAEKAAEALAAAAAABAAEAAAICTAEAOw==\" data-safe-src=\"data:image\/gif;base64,R0lGODlhAQABAIAAAP\/\/\/\/\/\/\/yH5BAEKAAEALAAAAAABAAEAAAICTAEAOw==\" \/><\/a><\/div><\/div><div id=\"envira-gallery-item-1923\" class=\"envira-gallery-item enviratope-item envira-gallery-item-2 envira-lazy-load\" style=\"padding-left: 1px; padding-bottom: 1px; padding-right: 1px;\"  itemscope itemtype=\"https:\/\/schema.org\/ImageObject\"><div class=\"envira-gallery-item-inner\"><div class=\"envira-gallery-position-overlay  envira-gallery-top-left\"><\/div><div class=\"envira-gallery-position-overlay  envira-gallery-top-right\"><\/div><div class=\"envira-gallery-position-overlay  envira-gallery-bottom-left\"><\/div><div class=\"envira-gallery-position-overlay  envira-gallery-bottom-right\"><\/div><a href=\"https:\/\/wirginiawyrobek.pl\/wp-content\/uploads\/2020\/12\/2014.02.15-Abstrakcja-90x90.jpg\" class=\"envira-gallery-1920 envira-gallery-link\" rel=\"enviragallery1920\" title=\"Abstrakcja (2014) 90 cm x 90 cm\" data-envira-caption=\"Abstrakcja (2014) 90 cm x 90 cm\" data-envira-retina=\"\" data-thumbnail=\"\"  itemprop=\"contentUrl\"><img decoding=\"async\" id=\"envira-gallery-image-1923\" class=\"envira-gallery-image envira-gallery-image-2 envira-normal envira-lazy\" data-envira-index=\"2\" src=\"https:\/\/wirginiawyrobek.pl\/wp-content\/uploads\/2020\/12\/2014.02.15-Abstrakcja-90x90-1024x1017-640x480.jpg\" data-envira-src=\"https:\/\/wirginiawyrobek.pl\/wp-content\/uploads\/2020\/12\/2014.02.15-Abstrakcja-90x90-1024x1017-640x480.jpg\" data-envira-gallery-id=\"1920\" data-envira-item-id=\"1923\" data-envira-caption=\"Abstrakcja (2014) 90 cm x 90 cm\" alt=\"\" title=\"Abstrakcja (2014) 90 cm x 90 cm\"  itemprop=\"thumbnailUrl\" data-envira-srcset=\"https:\/\/wirginiawyrobek.pl\/wp-content\/uploads\/2020\/12\/2014.02.15-Abstrakcja-90x90-1024x1017-640x480.jpg 400w,https:\/\/wirginiawyrobek.pl\/wp-content\/uploads\/2020\/12\/2014.02.15-Abstrakcja-90x90-1024x1017-640x480.jpg 2x\" data-envira-width=\"300\" data-envira-height=\"298\" srcset=\"data:image\/gif;base64,R0lGODlhAQABAIAAAP\/\/\/\/\/\/\/yH5BAEKAAEALAAAAAABAAEAAAICTAEAOw==\" data-safe-src=\"data:image\/gif;base64,R0lGODlhAQABAIAAAP\/\/\/\/\/\/\/yH5BAEKAAEALAAAAAABAAEAAAICTAEAOw==\" \/><\/a><\/div><\/div><div id=\"envira-gallery-item-1922\" class=\"envira-gallery-item enviratope-item envira-gallery-item-3 envira-lazy-load\" style=\"padding-left: 1px; padding-bottom: 1px; padding-right: 1px;\"  itemscope itemtype=\"https:\/\/schema.org\/ImageObject\"><div class=\"envira-gallery-item-inner\"><div class=\"envira-gallery-position-overlay  envira-gallery-top-left\"><\/div><div class=\"envira-gallery-position-overlay  envira-gallery-top-right\"><\/div><div class=\"envira-gallery-position-overlay  envira-gallery-bottom-left\"><\/div><div class=\"envira-gallery-position-overlay  envira-gallery-bottom-right\"><\/div><a href=\"https:\/\/wirginiawyrobek.pl\/wp-content\/uploads\/2020\/12\/2013.12.22-Bez-tytu\u0142u-50x70.jpg\" class=\"envira-gallery-1920 envira-gallery-link\" rel=\"enviragallery1920\" title=\"Bez tytu\u0142u (2013) 50 cm x 70 cm\" data-envira-caption=\"Bez tytu\u0142u (2013) 50 cm x 70 cm\" data-envira-retina=\"\" data-thumbnail=\"\"  itemprop=\"contentUrl\"><img decoding=\"async\" id=\"envira-gallery-image-1922\" class=\"envira-gallery-image envira-gallery-image-3 envira-normal envira-lazy\" data-envira-index=\"3\" src=\"https:\/\/wirginiawyrobek.pl\/wp-content\/uploads\/2020\/12\/2013.12.22-Bez-tytu\u0142u-50x70-734x1024-640x480.jpg\" data-envira-src=\"https:\/\/wirginiawyrobek.pl\/wp-content\/uploads\/2020\/12\/2013.12.22-Bez-tytu\u0142u-50x70-734x1024-640x480.jpg\" data-envira-gallery-id=\"1920\" data-envira-item-id=\"1922\" data-envira-caption=\"Bez tytu\u0142u (2013) 50 cm x 70 cm\" alt=\"\" title=\"Bez tytu\u0142u (2013) 50 cm x 70 cm\"  itemprop=\"thumbnailUrl\" data-envira-srcset=\"https:\/\/wirginiawyrobek.pl\/wp-content\/uploads\/2020\/12\/2013.12.22-Bez-tytu\u0142u-50x70-734x1024-640x480.jpg 400w,https:\/\/wirginiawyrobek.pl\/wp-content\/uploads\/2020\/12\/2013.12.22-Bez-tytu\u0142u-50x70-734x1024-640x480.jpg 2x\" data-envira-width=\"215\" data-envira-height=\"300\" srcset=\"data:image\/gif;base64,R0lGODlhAQABAIAAAP\/\/\/\/\/\/\/yH5BAEKAAEALAAAAAABAAEAAAICTAEAOw==\" data-safe-src=\"data:image\/gif;base64,R0lGODlhAQABAIAAAP\/\/\/\/\/\/\/yH5BAEKAAEALAAAAAABAAEAAAICTAEAOw==\" \/><\/a><\/div><\/div><div id=\"envira-gallery-item-1921\" class=\"envira-gallery-item enviratope-item envira-gallery-item-4 envira-lazy-load\" style=\"padding-left: 1px; padding-bottom: 1px; padding-right: 1px;\"  itemscope itemtype=\"https:\/\/schema.org\/ImageObject\"><div class=\"envira-gallery-item-inner\"><div class=\"envira-gallery-position-overlay  envira-gallery-top-left\"><\/div><div class=\"envira-gallery-position-overlay  envira-gallery-top-right\"><\/div><div class=\"envira-gallery-position-overlay  envira-gallery-bottom-left\"><\/div><div class=\"envira-gallery-position-overlay  envira-gallery-bottom-right\"><\/div><a href=\"https:\/\/wirginiawyrobek.pl\/wp-content\/uploads\/2020\/12\/2013.07.05-Pierwszy-obraz-70x50.jpg\" class=\"envira-gallery-1920 envira-gallery-link\" rel=\"enviragallery1920\" title=\"Pierwszy obraz (2013) 70 cm x 50 cm\" data-envira-caption=\"Pierwszy obraz (2013) 70 cm x 50 cm\" data-envira-retina=\"\" data-thumbnail=\"\"  itemprop=\"contentUrl\"><img decoding=\"async\" id=\"envira-gallery-image-1921\" class=\"envira-gallery-image envira-gallery-image-4 envira-normal envira-lazy\" data-envira-index=\"4\" src=\"https:\/\/wirginiawyrobek.pl\/wp-content\/uploads\/2020\/12\/2013.07.05-Pierwszy-obraz-70x50-1024x729-640x480.jpg\" data-envira-src=\"https:\/\/wirginiawyrobek.pl\/wp-content\/uploads\/2020\/12\/2013.07.05-Pierwszy-obraz-70x50-1024x729-640x480.jpg\" data-envira-gallery-id=\"1920\" data-envira-item-id=\"1921\" data-envira-caption=\"Pierwszy obraz (2013) 70 cm x 50 cm\" alt=\"\" title=\"Pierwszy obraz (2013) 70 cm x 50 cm\"  itemprop=\"thumbnailUrl\" data-envira-srcset=\"https:\/\/wirginiawyrobek.pl\/wp-content\/uploads\/2020\/12\/2013.07.05-Pierwszy-obraz-70x50-1024x729-640x480.jpg 400w,https:\/\/wirginiawyrobek.pl\/wp-content\/uploads\/2020\/12\/2013.07.05-Pierwszy-obraz-70x50-1024x729-640x480.jpg 2x\" data-envira-width=\"300\" data-envira-height=\"214\" srcset=\"data:image\/gif;base64,R0lGODlhAQABAIAAAP\/\/\/\/\/\/\/yH5BAEKAAEALAAAAAABAAEAAAICTAEAOw==\" data-safe-src=\"data:image\/gif;base64,R0lGODlhAQABAIAAAP\/\/\/\/\/\/\/yH5BAEKAAEALAAAAAABAAEAAAICTAEAOw==\" \/><\/a><\/div><\/div><\/div><\/div><noscript><img decoding=\"async\" src=\"https:\/\/wirginiawyrobek.pl\/wp-content\/uploads\/2020\/12\/2014.05.10-Samotno\u015b\u0107-w-t\u0142umie-70x50.jpg\" alt=\"\" class=\"no-lazyload\" \/><img decoding=\"async\" src=\"https:\/\/wirginiawyrobek.pl\/wp-content\/uploads\/2020\/12\/2014.02.15-Abstrakcja-90x90.jpg\" alt=\"\" class=\"no-lazyload\" \/><img decoding=\"async\" src=\"https:\/\/wirginiawyrobek.pl\/wp-content\/uploads\/2020\/12\/2013.12.22-Bez-tytu\u0142u-50x70.jpg\" alt=\"\" class=\"no-lazyload\" \/><img decoding=\"async\" src=\"https:\/\/wirginiawyrobek.pl\/wp-content\/uploads\/2020\/12\/2013.07.05-Pierwszy-obraz-70x50.jpg\" alt=\"\" class=\"no-lazyload\" \/><\/noscript><\/div>\n","protected":false},"excerpt":{"rendered":"","protected":false},"author":1,"featured_media":0,"parent":0,"menu_order":0,"comment_status":"closed","ping_status":"closed","template":"","meta":{"footnotes":""},"_links":{"self":[{"href":"https:\/\/wirginiawyrobek.pl\/index.php?rest_route=\/wp\/v2\/pages\/1925"}],"collection":[{"href":"https:\/\/wirginiawyrobek.pl\/index.php?rest_route=\/wp\/v2\/pages"}],"about":[{"href":"https:\/\/wirginiawyrobek.pl\/index.php?rest_route=\/wp\/v2\/types\/page"}],"author":[{"embeddable":true,"href":"https:\/\/wirginiawyrobek.pl\/index.php?rest_route=\/wp\/v2\/users\/1"}],"replies":[{"embeddable":true,"href":"https:\/\/wirginiawyrobek.pl\/index.php?rest_route=%2Fwp%2Fv2%2Fcomments&post=1925"}],"version-history":[{"count":2,"href":"https:\/\/wirginiawyrobek.pl\/index.php?rest_route=\/wp\/v2\/pages\/1925\/revisions"}],"predecessor-version":[{"id":1931,"href":"https:\/\/wirginiawyrobek.pl\/index.php?rest_route=\/wp\/v2\/pages\/1925\/revisions\/1931"}],"wp:attachment":[{"href":"https:\/\/wirginiawyrobek.pl\/index.php?rest_route=%2Fwp%2Fv2%2Fmedia&parent=1925"}],"curies":[{"name":"wp","href":"https:\/\/api.w.org\/{rel}","templated":true}]}}